{"id":14,"date":"2023-09-04T22:45:01","date_gmt":"2023-09-04T20:45:01","guid":{"rendered":"https:\/\/sarahamirault.fr\/?page_id=14"},"modified":"2023-10-10T15:59:31","modified_gmt":"2023-10-10T13:59:31","slug":"accueil","status":"publish","type":"page","link":"https:\/\/sarahamirault.fr\/index.php\/accueil\/","title":{"rendered":"Accueil"},"content":{"rendered":"\n<p><\/p>\n\n\n\n<p class=\"has-x-large-font-size\"><strong>Mon accompagnement<\/strong><\/p>\n\n\n\n<p>Je vous propose un accompagnement individuel, familial ou de couple.<\/p>\n\n\n\n<p>Je vous aide \u00e0 cheminer vers votre bien-\u00eatre, \u00e0 vous d\u00e9ployer, et \u00e0 vivre votre vie en conscience.<\/p>\n\n\n\n<p><strong>Tout est d\u00e9j\u00e0 l\u00e0<\/strong>, vous avez toutes les ressources en vous ! Je ne suis l\u00e0 que pour vous permettre de lever les blocages, \u00e0 vous reconnecter avec votre v\u00e9rit\u00e9 int\u00e9rieure et \u00e0 retrouver votre lumi\u00e8re.<\/p>\n\n\n\n<p><\/p>\n\n\n\n<p><\/p>\n\n\n\n<p class=\"has-medium-font-size\"><strong>Investir en soi<\/strong><\/p>\n\n\n\n<p>Choisir de se faire accompagner, ce n&#8217;est pas simplement investir financi\u00e8rement : c&#8217;est un <strong>magnifique chemin d&#8217;engagement \u00e0 soi-m\u00eame<\/strong>, qui demande temps, \u00e9nergie et aussi&#8230; maturation !<\/p>\n\n\n\n<p><\/p>\n\n\n\n<figure class=\"wp-block-video\"><video height=\"1080\" style=\"aspect-ratio: 1920 \/ 1080;\" width=\"1920\" controls src=\"https:\/\/sarahamirault.fr\/wp-content\/uploads\/2023\/09\/sarah-amirault.mp4\"><\/video><\/figure>\n\n\n\n<p><\/p>\n\n\n\n<p class=\"has-x-large-font-size\"><strong>MES OUTILS, en quelques mots :<\/strong><\/p>\n\n\n\n<p><strong>Le soin \u00e9nerg\u00e9tique <\/strong>&#8211; du nourrisson \u00e0 l&#8217;adulte<\/p>\n\n\n\n<p>Un soin \u00e9nerg\u00e9tique est une v\u00e9ritable parenth\u00e8se que vous pouvez vous offrir ! Le soin permet de refaire circuler l&#8217;\u00e9nergie et d&#8217;harmoniser les corps physique, mental, \u00e9motionnel et spirituel. Lorsque l&#8217;\u00e9nergie circule harmonieusement, un \u00e9quilibre naturel se met en place \u00e0 travers le corps, l&#8217;\u00e2me et l&#8217;esprit.<\/p>\n\n\n\n<p>Pour en savoir plus, cliquez sur ce lien<\/p>\n\n\n\n<p><\/p>\n\n\n\n<p><strong>La Ma\u00efeusth\u00e9sie<\/strong> &#8211; de l&#8217;enfant \u00e0 l&#8217;adulte<\/p>\n\n\n\n<p>C&#8217;est une forme de psychoth\u00e9rapie. Une s\u00e9ance se d\u00e9roule comme une conversation o\u00f9 tout ce qui se pr\u00e9sente dans l&#8217;\u00e9change est pertinent. Thierry Tournebise, le fondateur d\u00e9finit ainsi la ma\u00efeusth\u00e9sie comme la &#8220;psychologie de la pertinence&#8221; : on s&#8217;ouvre \u00e0 ce qui se pr\u00e9sente plut\u00f4t que d&#8217;aller chercher ce qui se cache ! En ma\u00efeusth\u00e9sie, on ne parle pas de sympt\u00f4me qui &#8220;gu\u00e9rit&#8221; mais qui &#8220;dispara\u00eet car il a cess\u00e9 d&#8217;\u00eatre n\u00e9cessaire&#8221;. Nous ne recherchons pas la cause, et nous allons plut\u00f4t rencontrer la\/les &#8220;part(s) de soi qui appelle(nt)&#8221; derri\u00e8re le sympt\u00f4me ou la souffrance.<\/p>\n\n\n\n<p>Pour en savoir plus, cliquez sur ce lien<\/p>\n\n\n\n<p><\/p>\n\n\n\n<p><strong>M\u00e9thode &#8220;Raconte-moi mon Histoire&#8221;\u00a9<\/strong> &#8211; du nourrisson \u00e0 l&#8217;enfant<\/p>\n\n\n\n<p>C&#8217;est un outil concret et ludique qui permet de retracer toute l&#8217;histoire de l&#8217;enfant depuis les 9 mois avant la conception jusqu&#8217;\u00e0 aujourd&#8217;hui. En venant raconter toutes les \u00e9tapes-cl\u00e9s de l&#8217;histoire de l&#8217;enfant, nous venons lib\u00e9rer ses \u00e9motions mais aussi celles des parents. Une s\u00e9ance n\u00e9cessite la pr\u00e9sence de la maman au minimum, et id\u00e9alement des 2 parents.<\/p>\n\n\n\n<p><\/p>\n\n\n\n<p>Pour en savoir plus, cliquez sur ce lien<\/p>\n\n\n\n<p><\/p>\n\n\n\n<p><strong>Th\u00e9rapie de Couple IMAGO\u00ae<\/strong> &#8211; <\/p>\n\n\n\n<p>La m\u00e9thode IMAGO<strong>\u00ae<\/strong> repose sur la vision que<em> la Relation<\/em> permet de grandir et donc <em>la Relation<\/em> permet <em>la th\u00e9rapie<\/em>. Notre partenaire est la personne id\u00e9ale pour nous aider \u00e0 mettre en lumi\u00e8re, puis \u00e0 d\u00e9passer les blessures de l&#8217;enfance. C&#8217;est un chemin de croissance o\u00f9 rester amoureux devient un choix conscient. Je vous propose de vous accompagner sur ce chemin avec l&#8217;outil IMAGO<strong>\u00ae<\/strong>.<\/p>\n\n\n\n<p>Pour en savoir plus, cliquez sur ce lien<\/p>\n","protected":false},"excerpt":{"rendered":"<p>Mon accompagnement Je vous propose un accompagnement individuel, familial ou de couple. Je vous aide \u00e0 cheminer vers votre bien-\u00eatre, \u00e0 vous d\u00e9ployer, et \u00e0 vivre votre vie en conscience. Tout est d\u00e9j\u00e0 l\u00e0, vous avez toutes les ressources en vous ! Je ne suis l\u00e0 que pour vous permettre de lever les blocages, \u00e0 [&hellip;]<\/p>\n","protected":false},"author":1,"featured_media":0,"parent":0,"menu_order":0,"comment_status":"closed","ping_status":"closed","template":"","meta":{"footnotes":""},"class_list":["post-14","page","type-page","status-publish","hentry"],"_links":{"self":[{"href":"https:\/\/sarahamirault.fr\/index.php\/wp-json\/wp\/v2\/pages\/14","targetHints":{"allow":["GET"]}}],"collection":[{"href":"https:\/\/sarahamirault.fr\/index.php\/wp-json\/wp\/v2\/pages"}],"about":[{"href":"https:\/\/sarahamirault.fr\/index.php\/wp-json\/wp\/v2\/types\/page"}],"author":[{"embeddable":true,"href":"https:\/\/sarahamirault.fr\/index.php\/wp-json\/wp\/v2\/users\/1"}],"replies":[{"embeddable":true,"href":"https:\/\/sarahamirault.fr\/index.php\/wp-json\/wp\/v2\/comments?post=14"}],"version-history":[{"count":14,"href":"https:\/\/sarahamirault.fr\/index.php\/wp-json\/wp\/v2\/pages\/14\/revisions"}],"predecessor-version":[{"id":49,"href":"https:\/\/sarahamirault.fr\/index.php\/wp-json\/wp\/v2\/pages\/14\/revisions\/49"}],"wp:attachment":[{"href":"https:\/\/sarahamirault.fr\/index.php\/wp-json\/wp\/v2\/media?parent=14"}],"curies":[{"name":"wp","href":"https:\/\/api.w.org\/{rel}","templated":true}]}}