{"id":39,"date":"2023-09-20T15:57:52","date_gmt":"2023-09-20T13:57:52","guid":{"rendered":"https:\/\/sarahamirault.fr\/?page_id=39"},"modified":"2023-09-20T16:03:41","modified_gmt":"2023-09-20T14:03:41","slug":"raconte-moi-mon-histoire","status":"publish","type":"page","link":"https:\/\/sarahamirault.fr\/index.php\/raconte-moi-mon-histoire\/","title":{"rendered":"Raconte-moi mon Histoire\u00a9"},"content":{"rendered":"\n<p>J&#8217;ai \u00e9t\u00e9 form\u00e9e en tant que &#8220;Consultante en \u00e9motions&#8221;\u00a9 avec la m\u00e9thode &#8220;Raconte-moi mon Histoire&#8221;\u00a9 d\u00e9velopp\u00e9e par Audrey M\u00e9e (kin\u00e9siologue et traductrice de b\u00e9b\u00e9s, \u00e0 Rez\u00e9)<\/p>\n\n\n\n<p><\/p>\n\n\n\n<p><strong>Qu&#8217;est ce qu&#8217;une s\u00e9ance de &#8220;Raconte-moi mon Histoire&#8221;\u00a9 ?<\/strong><\/p>\n\n\n\n<p>C&#8217;est une m\u00e9thode ludique et concr\u00e8te qui permet de retracer toutes les \u00e9tapes-cl\u00e9s de l&#8217;enfant depuis les neuf mois avant sa conception, jusqu&#8217;\u00e0 aujourd&#8217;hui ( en passant par sa vie intra-ut\u00e9rine, sa naissance et tous les \u00e9v\u00e9nements importants)<\/p>\n\n\n\n<p>Je vais vous poser des questions et remettre en sc\u00e8ne toute l&#8217;histoire de votre enfant par l&#8217;utilisation de peluches, et objets. Le fait de mettre des mots sur ce qui a \u00e9t\u00e9 v\u00e9cu par les parents et par l&#8217;enfant va permettre de lib\u00e9rer les \u00e9motions et pens\u00e9es limitantes de chacun.<\/p>\n\n\n\n<p><\/p>\n\n\n\n<p><strong>A qui s&#8217;adresse cette m\u00e9thode ?<\/strong><\/p>\n\n\n\n<p>La m\u00e9thode est \u00e0 destination des b\u00e9b\u00e9s, des enfants et m\u00eame des adolescents, accompagn\u00e9s de leurs parents (maman au minimum).<\/p>\n\n\n\n<p>Les femmes enceintes qui en ressentent le besoins, peuvent \u00e9galement consulter pour elle et leur b\u00e9b\u00e9 in utero.<\/p>\n\n\n\n<p>Je re\u00e7ois, \u00e0 mon cabinet, aujourd&#8217;hui seulement <strong>les b\u00e9b\u00e9s jusqu&#8217;\u00e0 10 mois inclus <\/strong>et les femmes enceintes. Pour tous les autres \u00e2ges, merci de me contacter directement par t\u00e9l\u00e9phone pour \u00e9changer sur les possibilit\u00e9s.<\/p>\n\n\n\n<p><\/p>\n\n\n\n<p><strong>Pourquoi consulter ?<\/strong><\/p>\n\n\n\n<ul class=\"wp-block-list\">\n<li>pour les troubles du sommeil<\/li>\n\n\n\n<li>pour les difficult\u00e9s \u00e0 se s\u00e9parer <\/li>\n\n\n\n<li>gestion des \u00e9motions \/ r\u00e9gulation des \u00e9motions<\/li>\n\n\n\n<li>RGO \/ coliques<\/li>\n\n\n\n<li>\u00e9nur\u00e9sie \/ encopr\u00e9sie <\/li>\n\n\n\n<li>hyper activit\u00e9<\/li>\n<\/ul>\n\n\n\n<p><\/p>\n\n\n\n<p><strong>Comment se d\u00e9roule une s\u00e9ance ?<\/strong><\/p>\n\n\n\n<p>Gr\u00e2ce \u00e0 une soixantaine de questions que je vous pose, votre enfant entend la v\u00e9rit\u00e9 sur son histoire. L&#8217;enfant peut d\u00e9velopper tr\u00e8s t\u00f4t des pens\u00e9es limitantes et prendre \u00e0 sa charge les \u00e9motions de ses parents. Tout sera symbolis\u00e9 par des objets et peluches en s\u00e9ance.<\/p>\n\n\n\n<p>Par exemple :<\/p>\n\n\n\n<ul class=\"wp-block-list\">\n<li>Si maman a peur de la fausse couche, le b\u00e9b\u00e9 (puis l&#8217;enfant) peut d\u00e9velopper la peur de la mort et\/ou va rester \u00e9veill\u00e9 pour prouver qu&#8217;il\/elle est bien vivant.<\/li>\n\n\n\n<li>Si papa a peur de la mort subite du nourrisson, b\u00e9b\u00e9 peut mettre tout en \u0153uvre pour rester coller dans ses bras et rassurer son parent (pouvant entra\u00eener des troubles du sommeil ou des difficult\u00e9s \u00e0 la s\u00e9paration)<\/li>\n\n\n\n<li>etc.<\/li>\n<\/ul>\n\n\n\n<p><\/p>\n\n\n\n<p><strong>Quels sont les r\u00e9sultats d&#8217;une s\u00e9ance ?<\/strong><\/p>\n\n\n\n<p>Une s\u00e9ance permet :<\/p>\n\n\n\n<ul class=\"wp-block-list\">\n<li>de dire la v\u00e9rit\u00e9 et d&#8217;amener de la clart\u00e9 sur les \u00e9v\u00e9nements pass\u00e9s, pour l&#8217;enfant mais aussi ses parents,<\/li>\n\n\n\n<li>de permettre au b\u00e9b\u00e9 de prendre sa place &#8220;d&#8217;enfant&#8221; et \u00e0 l&#8217;adulte de garder sa place de &#8220;parent&#8221;,<\/li>\n\n\n\n<li>d&#8217;amener plus de l\u00e9g\u00e8ret\u00e9 et de recul sur les situations pass\u00e9es,<\/li>\n\n\n\n<li>de lib\u00e9rer votre enfant d&#8217;\u00e9motions\/d&#8217;\u00e9v\u00e9nements\/de v\u00e9cus qui ne lui appartiennent pas,<\/li>\n\n\n\n<li>de lib\u00e9rer votre enfant de pens\u00e9es limitantes (par exemple : qu&#8217;il\/elle est en charge de prendre soin de ses parents&#8230;)<\/li>\n<\/ul>\n","protected":false},"excerpt":{"rendered":"<p>J&#8217;ai \u00e9t\u00e9 form\u00e9e en tant que &#8220;Consultante en \u00e9motions&#8221;\u00a9 avec la m\u00e9thode &#8220;Raconte-moi mon Histoire&#8221;\u00a9 d\u00e9velopp\u00e9e par Audrey M\u00e9e (kin\u00e9siologue et traductrice de b\u00e9b\u00e9s, \u00e0 Rez\u00e9) Qu&#8217;est ce qu&#8217;une s\u00e9ance de &#8220;Raconte-moi mon Histoire&#8221;\u00a9 ? C&#8217;est une m\u00e9thode ludique et concr\u00e8te qui permet de retracer toutes les \u00e9tapes-cl\u00e9s de l&#8217;enfant depuis les neuf mois avant [&hellip;]<\/p>\n","protected":false},"author":1,"featured_media":0,"parent":0,"menu_order":0,"comment_status":"closed","ping_status":"closed","template":"","meta":{"footnotes":""},"class_list":["post-39","page","type-page","status-publish","hentry"],"_links":{"self":[{"href":"https:\/\/sarahamirault.fr\/index.php\/wp-json\/wp\/v2\/pages\/39","targetHints":{"allow":["GET"]}}],"collection":[{"href":"https:\/\/sarahamirault.fr\/index.php\/wp-json\/wp\/v2\/pages"}],"about":[{"href":"https:\/\/sarahamirault.fr\/index.php\/wp-json\/wp\/v2\/types\/page"}],"author":[{"embeddable":true,"href":"https:\/\/sarahamirault.fr\/index.php\/wp-json\/wp\/v2\/users\/1"}],"replies":[{"embeddable":true,"href":"https:\/\/sarahamirault.fr\/index.php\/wp-json\/wp\/v2\/comments?post=39"}],"version-history":[{"count":3,"href":"https:\/\/sarahamirault.fr\/index.php\/wp-json\/wp\/v2\/pages\/39\/revisions"}],"predecessor-version":[{"id":43,"href":"https:\/\/sarahamirault.fr\/index.php\/wp-json\/wp\/v2\/pages\/39\/revisions\/43"}],"wp:attachment":[{"href":"https:\/\/sarahamirault.fr\/index.php\/wp-json\/wp\/v2\/media?parent=39"}],"curies":[{"name":"wp","href":"https:\/\/api.w.org\/{rel}","templated":true}]}}